{"id":14420,"date":"2025-04-24T07:30:45","date_gmt":"2025-04-24T07:30:45","guid":{"rendered":"https:\/\/ynvolve.com\/?page_id=14420"},"modified":"2026-01-27T12:21:41","modified_gmt":"2026-01-27T12:21:41","slug":"book-an-expert-call","status":"publish","type":"page","link":"https:\/\/ynvolve.com\/es\/book-an-expert-call\/","title":{"rendered":"reserve una llamada con un experto"},"content":{"rendered":"<div class=\"wpb-content-wrapper\"><div data-vc-full-width=\"true\" data-vc-full-width-init=\"false\" class=\"vc_row wpb_row vc_row-fluid vc_custom_1745411528151 vc_custom_1745411528152 vc_row-has-fill vc_row-has-padding-top vc_row-bg-position-top\"><div class=\"wpb_column vc_column_container vc_col-sm-12\"><div class=\"vc_column-inner    vc_custom_1745411582810\"><div class=\"wpb_wrapper\"><div class=\"vc_row wpb_row vc_inner vc_row-fluid vc_custom_1745411535083 vc_row-bg-position-top vc_row-o-equal-height vc_row-o-content-middle vc_row-flex\"><div class=\"wpb_column vc_column_container vc_col-sm-6\"><div class=\"vc_column-inner vc_custom_1745411542053 vc_custom_1745411542053  vc_custom_1745411542054\"><div class=\"wpb_wrapper\"><header class=\"kd-section-title col-lg-12 text-left  subtitle-below-title\" ><h1 class=\"separator_off\" style=\"color: #ffffff;\">hablemos de TI circular<\/h1><\/header>\n\t<div class=\"wpb_text_column wpb_content_element\" >\n\t\t<div class=\"wpb_wrapper\">\n\t\t\t<p class=\" translation-block\"><span style=\"color: white\">\u00bfBusca la soluci\u00f3n de hardware de TI perfecta para sus necesidades? Nuestros expertos en ventas est\u00e1n aqu\u00ed para guiarle a trav\u00e9s de la optimizaci\u00f3n de costes, los beneficios de la econom\u00eda circular, la eficiencia energ\u00e9tica y todo lo dem\u00e1s. Sin presiones: solo soluciones inteligentes e id\u00f3neas.<\/span><br>\n<span style=\"color: white\"><br>\nComplete el formulario y nos pondremos en contacto con usted para confirmar si cumple los requisitos para una<strong>para una llamada gratuita con un experto<\/strong> y ayudarle a encontrar la mejor opci\u00f3n para su negocio. La llamada con el experto est\u00e1 disponible en <strong>ingl\u00e9s, franc\u00e9s, italiano, espa\u00f1ol, neerland\u00e9s y vietnamita<\/strong>; solo ind\u00edquenos su preferencia.<\/span><\/p>\n\n\t\t<\/div>\n\t<\/div>\n<a  href=\"#form-expert\"  target=\"_self\"  title=\"go to form\" class=\"tt_button tt_primary_button btn_secondary_color  btn-align-left button-action-link   vc_custom_1745480103724\" ><span class=\"prim_text\">reserve una llamada con un experto<\/span><\/a><\/div><\/div><\/div><div class=\"wpb_column vc_column_container vc_col-sm-6 vc_col-has-fill\"><div class=\"vc_column-inner vc_custom_1745493130677   vc_custom_1745493130678\"><div class=\"wpb_wrapper\"><div class=\"vc_empty_space\"   style=\"height: 200px\"><span class=\"vc_empty_space_inner\"><\/span><\/div><\/div><\/div><\/div><\/div><\/div><\/div><\/div><\/div><div class=\"vc_row-full-width vc_clearfix\"><\/div><div data-vc-full-width=\"true\" data-vc-full-width-init=\"false\" class=\"vc_row wpb_row vc_row-fluid paddingtpbtm-section vc_custom_1745324867629 vc_row-has-fill vc_row-bg-position-top\"><div class=\"wpb_column vc_column_container vc_col-sm-12\"><div class=\"vc_column-inner\"><div class=\"wpb_wrapper\">\n\t<div class=\"wpb_text_column wpb_content_element\" >\n\t\t<div class=\"wpb_wrapper\">\n\t\t\t<h2>nuestro <span class=\"orange\">experts team <\/span><\/h2>\n\n\t\t<\/div>\n\t<\/div>\n<div class=\"vc_row wpb_row vc_inner vc_row-fluid vc_custom_1745330986813 vc_row-bg-position-top\"><div class=\"wpb_column vc_column_container vc_col-sm-12\"><div class=\"vc_column-inner\"><div class=\"wpb_wrapper\">\r\n                <div class=\"team-carousel tc-parent three-elem-team kd-teamc-69f3128110345 black-navigation loop_on team3\">\r\n                    <div class=\"tc-content\" data-vc-items=\"3\"><div class=\"team-member design-creative\" >\r\n                    <div class=\"team-content\" >\r\n                        <div class=\"team-image\"><img loading=\"lazy\" decoding=\"async\" width=\"900\" height=\"1000\" src=\"https:\/\/ynvolve.com\/wp-content\/uploads\/2025\/04\/20220622-Enora-6-e1745327415281.webp\" class=\"attachment-full\" alt=\"Book an expert call Enora\" title=\"20220622 - Enora (6)\" srcset=\"https:\/\/ynvolve.com\/wp-content\/uploads\/2025\/04\/20220622-Enora-6-e1745327415281.webp 900w, https:\/\/ynvolve.com\/wp-content\/uploads\/2025\/04\/20220622-Enora-6-e1745327415281-270x300.webp 270w, https:\/\/ynvolve.com\/wp-content\/uploads\/2025\/04\/20220622-Enora-6-e1745327415281-768x853.webp 768w, https:\/\/ynvolve.com\/wp-content\/uploads\/2025\/04\/20220622-Enora-6-e1745327415281-11x12.webp 11w\" sizes=\"auto, (max-width: 900px) 100vw, 900px\" \/><div class=\"team-content-hover\">\r\n                        <h4 >Enora Quinson<\/h4>\r\n                        <p class=\"team-subtitle\" >French Nationality (French and English speaking)<br \/>\n<b> Regional Team Lead<\/b><br \/>\nYnvolve member since 2016 Regional Team Lead for the French-speaking market, with strong expertise in the current market and clear understanding of what\u2019s truly necessary to meet our customers' needs, while staying true to the fit-for-purpose approach that Ynvolve is known for.<\/p><div class=\"team-socials\"><\/div>\r\n                    <\/div><\/div>\r\n                    <\/div>\r\n                <\/div><div class=\"team-member design-creative\" >\r\n                    <div class=\"team-content\" >\r\n                        <div class=\"team-image\"><img loading=\"lazy\" decoding=\"async\" width=\"900\" height=\"1000\" src=\"https:\/\/ynvolve.com\/wp-content\/uploads\/2025\/04\/20220622-Florent-4-e1745327432890.webp\" class=\"attachment-full\" alt=\"Book an expert call Florent\" title=\"20220622 - Florent (4)\" srcset=\"https:\/\/ynvolve.com\/wp-content\/uploads\/2025\/04\/20220622-Florent-4-e1745327432890.webp 900w, https:\/\/ynvolve.com\/wp-content\/uploads\/2025\/04\/20220622-Florent-4-e1745327432890-270x300.webp 270w, https:\/\/ynvolve.com\/wp-content\/uploads\/2025\/04\/20220622-Florent-4-e1745327432890-768x853.webp 768w, https:\/\/ynvolve.com\/wp-content\/uploads\/2025\/04\/20220622-Florent-4-e1745327432890-11x12.webp 11w\" sizes=\"auto, (max-width: 900px) 100vw, 900px\" \/><div class=\"team-content-hover\">\r\n                        <h4 >Florent Squaratti<\/h4>\r\n                        <p class=\"team-subtitle\" >French Nationality (French and English speaking)<br \/>\n<b>Regional Technical Lead <\/b><br \/>\nYnvolve member since 2016 Regional Technical Lead for the French-speaking market, with a strong technical foundation, always ready to address your technical needs, whether your questions relate to servers, storage, or networks.<\/p><div class=\"team-socials\"><\/div>\r\n                    <\/div><\/div>\r\n                    <\/div>\r\n                <\/div><div class=\"team-member design-creative\" >\r\n                    <div class=\"team-content\" >\r\n                        <div class=\"team-image\"><img loading=\"lazy\" decoding=\"async\" width=\"900\" height=\"1000\" src=\"https:\/\/ynvolve.com\/wp-content\/uploads\/2025\/04\/20210625-Thanh-3-e1745327397199.webp\" class=\"attachment-full\" alt=\"Book an expert call Thanh\" title=\"20210625 Thanh (3)\" srcset=\"https:\/\/ynvolve.com\/wp-content\/uploads\/2025\/04\/20210625-Thanh-3-e1745327397199.webp 900w, https:\/\/ynvolve.com\/wp-content\/uploads\/2025\/04\/20210625-Thanh-3-e1745327397199-270x300.webp 270w, https:\/\/ynvolve.com\/wp-content\/uploads\/2025\/04\/20210625-Thanh-3-e1745327397199-768x853.webp 768w, https:\/\/ynvolve.com\/wp-content\/uploads\/2025\/04\/20210625-Thanh-3-e1745327397199-11x12.webp 11w\" sizes=\"auto, (max-width: 900px) 100vw, 900px\" \/><div class=\"team-content-hover\">\r\n                        <h4 >Thanh Le<\/h4>\r\n                        <p class=\"team-subtitle\" >Vietnamese Nationality (Vietnamese, Dutch and English speaking)<br \/>\n<b>Managed Service Provider Team Lead <\/b><br \/>\nYnvolve member since 2011 Leader of the MSP team with strong knowledge of all aspects related to the customization and optimization of server, storage, and network infrastructure hardware, and always ready to help by delivering the best and most efficient solutions.<\/p><div class=\"team-socials\"><\/div>\r\n                    <\/div><\/div>\r\n                    <\/div>\r\n                <\/div><div class=\"team-member design-creative\" >\r\n                    <div class=\"team-content\" >\r\n                        <div class=\"team-image\"><img loading=\"lazy\" decoding=\"async\" width=\"900\" height=\"1000\" src=\"https:\/\/ynvolve.com\/wp-content\/uploads\/2025\/04\/20210608-Tony-1-e1745327280329.webp\" class=\"attachment-full\" alt=\"Book an expert call Tony\" title=\"20210608 Tony (1)\" srcset=\"https:\/\/ynvolve.com\/wp-content\/uploads\/2025\/04\/20210608-Tony-1-e1745327280329.webp 900w, https:\/\/ynvolve.com\/wp-content\/uploads\/2025\/04\/20210608-Tony-1-e1745327280329-270x300.webp 270w, https:\/\/ynvolve.com\/wp-content\/uploads\/2025\/04\/20210608-Tony-1-e1745327280329-768x853.webp 768w, https:\/\/ynvolve.com\/wp-content\/uploads\/2025\/04\/20210608-Tony-1-e1745327280329-11x12.webp 11w\" sizes=\"auto, (max-width: 900px) 100vw, 900px\" \/><div class=\"team-content-hover\">\r\n                        <h4 >Tony Tran<\/h4>\r\n                        <p class=\"team-subtitle\" >Vietnamese Nationality (Vietnamese, Dutch and English speaking)<br \/>\n<b> Regional Team Lead <\/b><br \/>\nYnvolve member since 2015 Regional Team Lead with over 10 years of experience at Ynvolve, possessing strong expertise in server, storage, and network hardware, always ready to provide customized solutions and ensure exceptional customer service.<\/p><div class=\"team-socials\"><\/div>\r\n                    <\/div><\/div>\r\n                    <\/div>\r\n                <\/div><\/div>\r\n                <\/div><script>\r\n                  jQuery(document).ready(function($){\r\n                    if ($(\".team-carousel.kd-teamc-69f3128110345 .tc-content\").length) {\r\n                      $(\".team-carousel.kd-teamc-69f3128110345 .tc-content\").owlCarousel({\r\n                        stageClass: \"owl-wrapper\",\r\n                        stageOuterClass: \"owl-wrapper-outer\",\r\n                        loadedClass: \"owl-carousel\",\r\n                        responsive:{\r\n                            0:{\r\n                                items:1,\r\n                            },\r\n                            768:{\r\n                                items:2,\r\n                            },\r\n                            1199:{\r\n                                items:3,\r\n                            },\r\n                            1366:{\r\n                                items: 3,\r\n                            }\r\n                        },\r\n                        slideBy: 1,\r\n                        nav: true,\r\n                        navSpeed: 500,\r\n                        dots: false,loop: true,autoplay: true,\r\n                          rewind: true,autoplayTimeout: 5000,autoplayHoverPause: true,\r\n                        addClassActive: true,\r\n                      });\r\n                    }\r\n                  });\r\n          \t\t\t<\/script><\/div><\/div><\/div><\/div><\/div><\/div><\/div><\/div><div class=\"vc_row-full-width vc_clearfix\"><\/div><div data-vc-full-width=\"true\" data-vc-full-width-init=\"false\" class=\"vc_row wpb_row vc_row-fluid paddingtpbtm-section vc_custom_1704722828761 vc_row-has-fill vc_row-bg-position-top\"><div class=\"wpb_column vc_column_container vc_col-sm-12\"><div class=\"vc_column-inner\"><div class=\"wpb_wrapper\">\n\t<div class=\"wpb_text_column wpb_content_element\" >\n\t\t<div class=\"wpb_wrapper\">\n\t\t\t<h2>lo que <span style=\"color: #fa7d00;\">icen los expertos<\/span><\/h2>\n\n\t\t<\/div>\n\t<\/div>\n\n<div class=\"vc_grid-container-wrapper vc_clearfix\">\n\t<div class=\"vc_grid-container vc_clearfix wpb_content_element vc_basic_grid yn-post-grid\" data-initial-loading-animation=\"fadeIn\" data-vc-grid-settings=\"{&quot;page_id&quot;:14420,&quot;style&quot;:&quot;all&quot;,&quot;action&quot;:&quot;vc_get_vc_grid_data&quot;,&quot;shortcode_id&quot;:&quot;1769510118018-6df67a96-5290-6&quot;,&quot;tag&quot;:&quot;vc_basic_grid&quot;}\" data-vc-request=\"https:\/\/ynvolve.com\/wp-admin\/admin-ajax.php\" data-vc-post-id=\"14420\" data-vc-public-nonce=\"ed3873a9d2\">\n\t\t<style data-type=\"vc_shortcodes-custom-css\">.vc_custom_1712245461684{margin-top: 1px !important;}<\/style><div class=\"vc_grid vc_row vc_grid-gutter-30px vc_pageable-wrapper vc_hook_hover\" data-vc-pageable-content=\"true\"><div class=\"vc_pageable-slide-wrapper vc_clearfix\" data-vc-grid-content=\"true\"><div class=\"vc_grid-item vc_clearfix vc_col-sm-4\"><div class=\"vc_grid-item-mini vc_clearfix\"><div class=\"vc_gitem-animated-block\" ><div class=\"vc_gitem-zone vc_gitem-zone-a blog-detailed-grid vc-gitem-zone-height-mode-auto vc-gitem-zone-height-mode-auto-1-1\"><div class=\"vc_gitem-zone-mini\"><div class=\"vc_gitem_row vc_row vc_gitem-row-position-top\"><div class=\"vc_col-sm-12 vc_gitem-col vc_gitem-col-align-\">\n\t<div class=\"wpb_single_image wpb_content_element vc_align_center\">\n\t\t<figure class=\"wpb_wrapper vc_figure\">\n\t\t\t<div class=\"vc_single_image-wrapper   vc_box_border_grey\"><img loading=\"lazy\" decoding=\"async\" width=\"400\" height=\"250\" src=\"https:\/\/ynvolve.com\/wp-content\/uploads\/2025\/02\/Remyonline-105105-scaled-e1738666414110-400x250.jpg\" class=\"vc_single_image-img attachment-keydesign-grid-image\" alt=\"\" title=\"Remyonline-105105\" \/><\/div>\n\t\t<\/figure>\n\t<\/div>\n<\/div><\/div><div class=\"vc_gitem_row vc_row vc_gitem-row-position-middle\"><div class=\"vc_col-sm-12 entry-wrapper vc_gitem-col vc_gitem-col-align-\"><div class=\"vc_custom_heading vc_gitem-post-data vc_gitem-post-data-source-post_title\" ><h5 style=\"text-align: left\" ><a href=\"https:\/\/ynvolve.com\/es\/all\/meet-the-experts-international-work-environment\/\" class=\"vc_gitem-link\" title=\"culturas diferentes, ideas frescas: el impacto de Ynvolve\">culturas diferentes, ideas frescas: el impacto de Ynvolve<\/a><\/h5><\/div><div class=\"vc_custom_heading vc_custom_1712245461684 vc_gitem-post-data vc_gitem-post-data-source-post_date\" ><h6 style=\"text-align: left\" >4 de febrero de 2025<\/h6><\/div><div style=\"text-align: left\" class=\"vc_custom_heading blog_btn\"><a href=\"https:\/\/ynvolve.com\/es\/all\/meet-the-experts-international-work-environment\/\" class=\"vc_gitem-link\" title=\"culturas diferentes, ideas frescas: el impacto de Ynvolve\">Leer m\u00e1s<\/a><\/div><\/div><\/div><\/div><\/div><\/div><\/div><div class=\"vc_clearfix\"><\/div><\/div><div class=\"vc_grid-item vc_clearfix vc_col-sm-4\"><div class=\"vc_grid-item-mini vc_clearfix\"><div class=\"vc_gitem-animated-block\" ><div class=\"vc_gitem-zone vc_gitem-zone-a blog-detailed-grid vc-gitem-zone-height-mode-auto vc-gitem-zone-height-mode-auto-1-1\"><div class=\"vc_gitem-zone-mini\"><div class=\"vc_gitem_row vc_row vc_gitem-row-position-top\"><div class=\"vc_col-sm-12 vc_gitem-col vc_gitem-col-align-\">\n\t<div class=\"wpb_single_image wpb_content_element vc_align_center\">\n\t\t<figure class=\"wpb_wrapper vc_figure\">\n\t\t\t<div class=\"vc_single_image-wrapper   vc_box_border_grey\"><img loading=\"lazy\" decoding=\"async\" width=\"400\" height=\"250\" src=\"https:\/\/ynvolve.com\/wp-content\/uploads\/2025\/01\/20221006-Effje-new-employee-photoshoot-3-scaled-e1735834919509-400x250.jpg\" class=\"vc_single_image-img attachment-keydesign-grid-image\" alt=\"\" title=\"20221006 Effje new employee photoshoot (3)\" srcset=\"https:\/\/ynvolve.com\/wp-content\/uploads\/2025\/01\/20221006-Effje-new-employee-photoshoot-3-scaled-e1735834919509-400x250.jpg 400w, https:\/\/ynvolve.com\/wp-content\/uploads\/2025\/01\/20221006-Effje-new-employee-photoshoot-3-scaled-e1735834919509-300x188.jpg 300w, https:\/\/ynvolve.com\/wp-content\/uploads\/2025\/01\/20221006-Effje-new-employee-photoshoot-3-scaled-e1735834919509-1024x640.jpg 1024w, https:\/\/ynvolve.com\/wp-content\/uploads\/2025\/01\/20221006-Effje-new-employee-photoshoot-3-scaled-e1735834919509-768x480.jpg 768w, https:\/\/ynvolve.com\/wp-content\/uploads\/2025\/01\/20221006-Effje-new-employee-photoshoot-3-scaled-e1735834919509-1536x960.jpg 1536w, https:\/\/ynvolve.com\/wp-content\/uploads\/2025\/01\/20221006-Effje-new-employee-photoshoot-3-scaled-e1735834919509-2048x1280.jpg 2048w, https:\/\/ynvolve.com\/wp-content\/uploads\/2025\/01\/20221006-Effje-new-employee-photoshoot-3-scaled-e1735834919509-18x12.jpg 18w\" sizes=\"auto, (max-width: 400px) 100vw, 400px\" \/><\/div>\n\t\t<\/figure>\n\t<\/div>\n<\/div><\/div><div class=\"vc_gitem_row vc_row vc_gitem-row-position-middle\"><div class=\"vc_col-sm-12 entry-wrapper vc_gitem-col vc_gitem-col-align-\"><div class=\"vc_custom_heading vc_gitem-post-data vc_gitem-post-data-source-post_title\" ><h5 style=\"text-align: left\" ><a href=\"https:\/\/ynvolve.com\/es\/all\/meet-the-experts-eefje-van-der-gronden\/\" class=\"vc_gitem-link\" title=\"meet the experts &#8211; Eefje van der Gronden\">conozca a los expertos - Eefje van der Gronden<\/a><\/h5><\/div><div class=\"vc_custom_heading vc_custom_1712245461684 vc_gitem-post-data vc_gitem-post-data-source-post_date\" ><h6 style=\"text-align: left\" >2 de enero de 2025<\/h6><\/div><div style=\"text-align: left\" class=\"vc_custom_heading blog_btn\"><a href=\"https:\/\/ynvolve.com\/es\/all\/meet-the-experts-eefje-van-der-gronden\/\" class=\"vc_gitem-link\" title=\"meet the experts &#8211; Eefje van der Gronden\">Leer m\u00e1s<\/a><\/div><\/div><\/div><\/div><\/div><\/div><\/div><div class=\"vc_clearfix\"><\/div><\/div><div class=\"vc_grid-item vc_clearfix vc_col-sm-4\"><div class=\"vc_grid-item-mini vc_clearfix\"><div class=\"vc_gitem-animated-block\" ><div class=\"vc_gitem-zone vc_gitem-zone-a blog-detailed-grid vc-gitem-zone-height-mode-auto vc-gitem-zone-height-mode-auto-1-1\"><div class=\"vc_gitem-zone-mini\"><div class=\"vc_gitem_row vc_row vc_gitem-row-position-top\"><div class=\"vc_col-sm-12 vc_gitem-col vc_gitem-col-align-\">\n\t<div class=\"wpb_single_image wpb_content_element vc_align_center\">\n\t\t<figure class=\"wpb_wrapper vc_figure\">\n\t\t\t<div class=\"vc_single_image-wrapper   vc_box_border_grey\"><img loading=\"lazy\" decoding=\"async\" width=\"400\" height=\"250\" src=\"https:\/\/ynvolve.com\/wp-content\/uploads\/2024\/07\/20231026-106067-scaled-e1720695774245-400x250.jpg\" class=\"vc_single_image-img attachment-keydesign-grid-image\" alt=\"Ynvolve Contacto\" title=\"20231026-106067\" \/><\/div>\n\t\t<\/figure>\n\t<\/div>\n<\/div><\/div><div class=\"vc_gitem_row vc_row vc_gitem-row-position-middle\"><div class=\"vc_col-sm-12 entry-wrapper vc_gitem-col vc_gitem-col-align-\"><div class=\"vc_custom_heading vc_gitem-post-data vc_gitem-post-data-source-post_title\" ><h5 style=\"text-align: left\" ><a href=\"https:\/\/ynvolve.com\/es\/blog-article\/meet-the-experts-irene-guidarelli\/\" class=\"vc_gitem-link\" title=\"meet the experts &#8211; Irene Guidarelli\">conozca a los expertos - Irene Guidarelli<\/a><\/h5><\/div><div class=\"vc_custom_heading vc_custom_1712245461684 vc_gitem-post-data vc_gitem-post-data-source-post_date\" ><h6 style=\"text-align: left\" >8 de agosto de 2024<\/h6><\/div><div style=\"text-align: left\" class=\"vc_custom_heading blog_btn\"><a href=\"https:\/\/ynvolve.com\/es\/blog-article\/meet-the-experts-irene-guidarelli\/\" class=\"vc_gitem-link\" title=\"meet the experts &#8211; Irene Guidarelli\">Leer m\u00e1s<\/a><\/div><\/div><\/div><\/div><\/div><\/div><\/div><div class=\"vc_clearfix\"><\/div><\/div><\/div><\/div>\n\t<\/div>\n<\/div><\/div><\/div><\/div><div class=\"wpb_column vc_column_container vc_col-sm-12\"><div class=\"vc_column-inner\"><div class=\"wpb_wrapper\"><a  href=\"https:\/\/ynvolve.com\/our-blog\/\"  target=\"_blank\"  title=\"leer todo\" class=\"tt_button tt_primary_button btn_primary_color  button-center button-action-link   vc_custom_1709213825277 kd-animated zoomIn\" data-animation-delay=\"200\"><span class=\"prim_text\">leer todo<\/span><\/a><\/div><\/div><\/div><\/div><div class=\"vc_row-full-width vc_clearfix\"><\/div><div id=\"form-expert\" data-vc-full-width=\"true\" data-vc-full-width-init=\"false\" class=\"vc_row wpb_row vc_row-fluid vc_custom_1745481923865 vc_row-has-fill vc_row-has-padding-top vc_row-bg-position-top\"><div class=\"wpb_column vc_column_container vc_col-sm-12\"><div class=\"vc_column-inner\"><div class=\"wpb_wrapper\">\n\t<div class=\"wpb_text_column wpb_content_element\" >\n\t\t<div class=\"wpb_wrapper\">\n\t\t\t<h2 style=\"text-align: center;\"><span class=\"white\">book an <span style=\"color: #fa7d00;\">expert call<\/span><\/span><\/h2>\n<p class=\"subtitle white\" style=\"text-align: center;\">Nuestros expertos pueden ayudarle a que su TI sea m\u00e1s circular<\/p>\n\n\t\t<\/div>\n\t<\/div>\n\n\t<div class=\"wpb_text_column wpb_content_element\" >\n\t\t<div class=\"wpb_wrapper\">\n\t\t\t<p><iframe class=\"iframe-form\" src=\"https:\/\/forms.zohopublic.eu\/ynvolve\/form\/bookandexpertcall\/formperma\/5aYzfBSoP0NXsJOdKNWsPHfBQGTBtTE1L6AF_ARuNRs\" frameborder=\"0\" aria-label=\"reserve una llamada con un experto\"><\/iframe><\/p>\n\n\t\t<\/div>\n\t<\/div>\n<\/div><\/div><\/div><\/div><div class=\"vc_row-full-width vc_clearfix\"><\/div>\n<\/div>","protected":false},"excerpt":{"rendered":"let\u2018s talk about circular IT Looking for the perfect IT hardware solution for your needs? Our sales experts are here [...]","protected":false},"author":20,"featured_media":0,"parent":0,"menu_order":0,"comment_status":"closed","ping_status":"closed","template":"","meta":{"inline_featured_image":false,"footnotes":""},"class_list":["post-14420","page","type-page","status-publish","hentry"],"yoast_head":"<!-- This site is optimized with the Yoast SEO Premium plugin v27.2 (Yoast SEO v27.5) - https:\/\/yoast.com\/product\/yoast-seo-premium-wordpress\/ -->\n<title>book an expert call - Ynvolve<\/title>\n<meta name=\"description\" content=\"Whether it&#039;s cost optimization, circular economy benefits, power efficiency, or everything in between our sales experts are here to guide you\" \/>\n<meta name=\"robots\" content=\"index, follow, max-snippet:-1, max-image-preview:large, max-video-preview:-1\" \/>\n<link rel=\"canonical\" href=\"https:\/\/ynvolve.com\/es\/book-an-expert-call\/\" \/>\n<meta property=\"og:locale\" content=\"es_ES\" \/>\n<meta property=\"og:type\" content=\"article\" \/>\n<meta property=\"og:title\" content=\"book an expert call\" \/>\n<meta property=\"og:description\" content=\"Whether it&#039;s cost optimization, circular economy benefits, power efficiency, or everything in between our sales experts are here to guide you\" \/>\n<meta property=\"og:url\" content=\"https:\/\/ynvolve.com\/es\/book-an-expert-call\/\" \/>\n<meta property=\"og:site_name\" content=\"Ynvolve\" \/>\n<meta property=\"article:modified_time\" content=\"2026-01-27T12:21:41+00:00\" \/>\n<meta name=\"twitter:card\" content=\"summary_large_image\" \/>\n<meta name=\"twitter:label1\" content=\"Tiempo de lectura\" \/>\n\t<meta name=\"twitter:data1\" content=\"5 minutos\" \/>\n<!-- \/ Yoast SEO Premium plugin. -->","yoast_head_json":{"title":"book an expert call - Ynvolve","description":"Whether it's cost optimization, circular economy benefits, power efficiency, or everything in between our sales experts are here to guide you","robots":{"index":"index","follow":"follow","max-snippet":"max-snippet:-1","max-image-preview":"max-image-preview:large","max-video-preview":"max-video-preview:-1"},"canonical":"https:\/\/ynvolve.com\/es\/book-an-expert-call\/","og_locale":"es_ES","og_type":"article","og_title":"book an expert call","og_description":"Whether it's cost optimization, circular economy benefits, power efficiency, or everything in between our sales experts are here to guide you","og_url":"https:\/\/ynvolve.com\/es\/book-an-expert-call\/","og_site_name":"Ynvolve","article_modified_time":"2026-01-27T12:21:41+00:00","twitter_card":"summary_large_image","twitter_misc":{"Tiempo de lectura":"5 minutos"},"schema":{"@context":"https:\/\/schema.org","@graph":[{"@type":"WebPage","@id":"https:\/\/ynvolve.com\/book-an-expert-call\/","url":"https:\/\/ynvolve.com\/book-an-expert-call\/","name":"book an expert call - Ynvolve","isPartOf":{"@id":"https:\/\/ynvolve.com\/#website"},"datePublished":"2025-04-24T07:30:45+00:00","dateModified":"2026-01-27T12:21:41+00:00","description":"Whether it's cost optimization, circular economy benefits, power efficiency, or everything in between our sales experts are here to guide you","breadcrumb":{"@id":"https:\/\/ynvolve.com\/book-an-expert-call\/#breadcrumb"},"inLanguage":"es","potentialAction":[{"@type":"ReadAction","target":["https:\/\/ynvolve.com\/book-an-expert-call\/"]}]},{"@type":"BreadcrumbList","@id":"https:\/\/ynvolve.com\/book-an-expert-call\/#breadcrumb","itemListElement":[{"@type":"ListItem","position":1,"name":"Home","item":"https:\/\/ynvolve.com\/"},{"@type":"ListItem","position":2,"name":"book an expert call"}]},{"@type":"WebSite","@id":"https:\/\/ynvolve.com\/#website","url":"https:\/\/ynvolve.com\/","name":"Ynvolve","description":"Ynvolve es un integrador de sistemas circular que aprovecha todas las generaciones de tecnolog\u00eda para ofrecer soluciones de infraestructura inform\u00e1tica.","publisher":{"@id":"https:\/\/ynvolve.com\/#organization"},"potentialAction":[{"@type":"SearchAction","target":{"@type":"EntryPoint","urlTemplate":"https:\/\/ynvolve.com\/?s={search_term_string}"},"query-input":{"@type":"PropertyValueSpecification","valueRequired":true,"valueName":"search_term_string"}}],"inLanguage":"es"},{"@type":"Organization","@id":"https:\/\/ynvolve.com\/#organization","name":"Ynvolve","url":"https:\/\/ynvolve.com\/","logo":{"@type":"ImageObject","inLanguage":"es","@id":"https:\/\/ynvolve.com\/#\/schema\/logo\/image\/","url":"https:\/\/ynvolve.com\/wp-content\/uploads\/2022\/07\/2.svg","contentUrl":"https:\/\/ynvolve.com\/wp-content\/uploads\/2022\/07\/2.svg","width":288,"height":288,"caption":"Ynvolve"},"image":{"@id":"https:\/\/ynvolve.com\/#\/schema\/logo\/image\/"},"sameAs":["https:\/\/www.linkedin.com\/company\/ynvolve-b-v-\/"]}]}},"_links":{"self":[{"href":"https:\/\/ynvolve.com\/es\/wp-json\/wp\/v2\/pages\/14420","targetHints":{"allow":["GET"]}}],"collection":[{"href":"https:\/\/ynvolve.com\/es\/wp-json\/wp\/v2\/pages"}],"about":[{"href":"https:\/\/ynvolve.com\/es\/wp-json\/wp\/v2\/types\/page"}],"author":[{"embeddable":true,"href":"https:\/\/ynvolve.com\/es\/wp-json\/wp\/v2\/users\/20"}],"replies":[{"embeddable":true,"href":"https:\/\/ynvolve.com\/es\/wp-json\/wp\/v2\/comments?post=14420"}],"version-history":[{"count":1,"href":"https:\/\/ynvolve.com\/es\/wp-json\/wp\/v2\/pages\/14420\/revisions"}],"predecessor-version":[{"id":15594,"href":"https:\/\/ynvolve.com\/es\/wp-json\/wp\/v2\/pages\/14420\/revisions\/15594"}],"wp:attachment":[{"href":"https:\/\/ynvolve.com\/es\/wp-json\/wp\/v2\/media?parent=14420"}],"curies":[{"name":"wp","href":"https:\/\/api.w.org\/{rel}","templated":true}]}}